{"id":12108,"date":"2014-11-19T15:14:03","date_gmt":"2014-11-19T14:14:03","guid":{"rendered":"https:\/\/e-form.eu\/home-3\/"},"modified":"2020-05-05T10:30:09","modified_gmt":"2020-05-05T08:30:09","slug":"home-3","status":"publish","type":"page","link":"https:\/\/e-form.eu\/en\/","title":{"rendered":"Home"},"content":{"rendered":"<p><div class=\"fusion-fullwidth fullwidth-box fusion-builder-row-1 nonhundred-percent-fullwidth non-hundred-percent-height-scrolling\" style=\"--awb-background-position:left top;--awb-border-radius-top-left:0px;--awb-border-radius-top-right:0px;--awb-border-radius-bottom-right:0px;--awb-border-radius-bottom-left:0px;--awb-padding-top:60px;--awb-padding-bottom:0px;--awb-border-sizes-top:0px;--awb-border-sizes-bottom:0px;--awb-flex-wrap:wrap;\" ><div class=\"fusion-builder-row fusion-row\"><div class=\"fusion-layout-column fusion_builder_column fusion-builder-column-0 fusion_builder_column_1_1 1_1 fusion-one-full fusion-column-first fusion-column-last\" style=\"--awb-bg-size:cover;--awb-margin-bottom:0px;\"><div class=\"fusion-column-wrapper fusion-flex-column-wrapper-legacy\"><div class=\"fusion-text fusion-text-1\"><h2 style=\"text-align: center; font-size: 30px; line-height: 40px;\"><a href=\"https:\/\/e-form.eu\/wp-content\/uploads\/2014\/11\/formkaesengrfxheader.png\"><img decoding=\"async\" class=\"aligncenter wp-image-12019 size-full\" src=\"https:\/\/e-form.eu\/wp-content\/uploads\/2014\/11\/formkaesengrfxheader.png\" alt=\"Ennepetaler Forml\u00e4sten B\u00fchren GmbH\" width=\"927\" height=\"114\" srcset=\"https:\/\/e-form.eu\/wp-content\/uploads\/2014\/11\/formkaesengrfxheader-300x37.png 300w, https:\/\/e-form.eu\/wp-content\/uploads\/2014\/11\/formkaesengrfxheader.png 927w\" sizes=\"(max-width: 927px) 100vw, 927px\" \/><\/a><\/h2>\n<\/div><div class=\"fusion-clearfix\"><\/div><\/div><\/div><div class=\"fusion-layout-column fusion_builder_column fusion-builder-column-1 fusion_builder_column_1_1 1_1 fusion-one-full fusion-column-first fusion-column-last\" style=\"--awb-bg-size:cover;\"><div class=\"fusion-column-wrapper fusion-flex-column-wrapper-legacy\"><div class=\"fusion-image-element fusion-image-align-center in-legacy-container\" style=\"text-align:center;--awb-caption-title-font-family:var(--h2_typography-font-family);--awb-caption-title-font-weight:var(--h2_typography-font-weight);--awb-caption-title-font-style:var(--h2_typography-font-style);--awb-caption-title-size:var(--h2_typography-font-size);--awb-caption-title-transform:var(--h2_typography-text-transform);--awb-caption-title-line-height:var(--h2_typography-line-height);--awb-caption-title-letter-spacing:var(--h2_typography-letter-spacing);\"><div class=\"imageframe-align-center\"><span class=\" fusion-imageframe imageframe-none imageframe-1 hover-type-none fusion-animated\" data-animationType=\"rubberBand\" data-animationDuration=\"1.0\" data-animationOffset=\"top-into-view\"><img decoding=\"async\" width=\"281\" height=\"68\" title=\"since1920\" src=\"https:\/\/e-form.eu\/wp-content\/uploads\/2018\/06\/since1920.png\" alt class=\"img-responsive wp-image-12113\" srcset=\"https:\/\/e-form.eu\/wp-content\/uploads\/2018\/06\/since1920-200x48.png 200w, https:\/\/e-form.eu\/wp-content\/uploads\/2018\/06\/since1920.png 281w\" sizes=\"(max-width: 800px) 100vw, 281px\" \/><\/span><\/div><\/div><div class=\"fusion-clearfix\"><\/div><\/div><\/div><div class=\"fusion-layout-column fusion_builder_column fusion-builder-column-2 fusion_builder_column_1_1 1_1 fusion-one-full fusion-column-first fusion-column-last fusion-column-no-min-height\" style=\"--awb-bg-size:cover;--awb-margin-bottom:0px;\"><div class=\"fusion-column-wrapper fusion-flex-column-wrapper-legacy\"><div class=\"fusion-text fusion-text-2\"><p style=\"text-align: center; font-size: 18px; line-height: 29px;\">More than<strong> 1000<\/strong> replacements, extensions and overhauls of flasks for automatic and partially mechanized molding lines over the last 25 years is our base.<\/p>\n<\/div><div class=\"fusion-clearfix\"><\/div><\/div><\/div><\/div><\/div><div class=\"fusion-fullwidth fullwidth-box fusion-builder-row-2 hundred-percent-fullwidth non-hundred-percent-height-scrolling\" style=\"--awb-background-repeat:repeat;--awb-border-radius-top-left:0px;--awb-border-radius-top-right:0px;--awb-border-radius-bottom-right:0px;--awb-border-radius-bottom-left:0px;--awb-padding-top:50px;--awb-padding-right:11.25%;--awb-padding-bottom:50px;--awb-padding-left:11.25%;--awb-border-sizes-top:0px;--awb-border-sizes-bottom:0px;--awb-flex-wrap:wrap;\" ><div class=\"fusion-builder-row fusion-row\"><div class=\"fusion-layout-column fusion_builder_column fusion-builder-column-3 fusion_builder_column_1_3 1_3 fusion-one-third fusion-column-first\" style=\"--awb-bg-color:#ffffff;--awb-bg-color-hover:#ffffff;--awb-bg-size:cover;--awb-margin-bottom:3%;width:30.6666%; margin-right: 4%;\"><div class=\"fusion-column-wrapper fusion-flex-column-wrapper-legacy\"><div class=\"fusion-image-element fusion-image-align-center in-legacy-container\" style=\"text-align:center;--awb-caption-title-font-family:var(--h2_typography-font-family);--awb-caption-title-font-weight:var(--h2_typography-font-weight);--awb-caption-title-font-style:var(--h2_typography-font-style);--awb-caption-title-size:var(--h2_typography-font-size);--awb-caption-title-transform:var(--h2_typography-text-transform);--awb-caption-title-line-height:var(--h2_typography-line-height);--awb-caption-title-letter-spacing:var(--h2_typography-letter-spacing);\"><div class=\"imageframe-align-center\"><span class=\" fusion-imageframe imageframe-none imageframe-2 hover-type-zoomin fusion-animated\" style=\"border:1px solid rgba(000,000,000,.06);\" data-animationType=\"fadeInDown\" data-animationDuration=\"1\" data-animationOffset=\"top-into-view\"><a class=\"fusion-no-lightbox\" href=\".\/produktuebersicht\" target=\"_self\" aria-label=\"Formk\u00e4sten\"><img decoding=\"async\" width=\"300\" height=\"225\" alt=\"Formk\u00e4sten der Ennepetaler Formk\u00e4sten E-Form B\u00fchren GmbH\" src=\"https:\/\/e-form.eu\/wp-content\/uploads\/2014\/11\/Formkasten-5_small-300x225.jpg\" class=\"img-responsive wp-image-12252\" srcset=\"https:\/\/e-form.eu\/wp-content\/uploads\/2014\/11\/Formkasten-5_small-300x225.jpg 300w, https:\/\/e-form.eu\/wp-content\/uploads\/2014\/11\/Formkasten-5_small.jpg 800w\" sizes=\"(max-width: 300px) 100vw, 300px\" \/><\/a><\/span><\/div><\/div><div class=\"fusion-text fusion-text-3\"><h2 style=\"text-align: center;\">Flasks<\/h2>\n<\/div><div class=\"fusion-sep-clear\"><\/div><div class=\"fusion-separator fusion-full-width-sep\" style=\"margin-left: auto;margin-right: auto;margin-top:5px;margin-bottom:5px;width:100%;\"><\/div><div class=\"fusion-sep-clear\"><\/div><div class=\"fusion-text fusion-text-4\"><p style=\"text-align: justify;\">Flasks in cast or welded constructions.<\/p>\n<\/div><div class=\"fusion-clearfix\"><\/div><\/div><\/div><div class=\"fusion-layout-column fusion_builder_column fusion-builder-column-4 fusion_builder_column_1_3 1_3 fusion-one-third\" style=\"--awb-bg-color:#ffffff;--awb-bg-color-hover:#ffffff;--awb-bg-size:cover;--awb-margin-bottom:3%;width:30.6666%; margin-right: 4%;\"><div class=\"fusion-column-wrapper fusion-flex-column-wrapper-legacy\"><div class=\"fusion-image-element fusion-image-align-center in-legacy-container\" style=\"text-align:center;--awb-caption-title-font-family:var(--h2_typography-font-family);--awb-caption-title-font-weight:var(--h2_typography-font-weight);--awb-caption-title-font-style:var(--h2_typography-font-style);--awb-caption-title-size:var(--h2_typography-font-size);--awb-caption-title-transform:var(--h2_typography-text-transform);--awb-caption-title-line-height:var(--h2_typography-line-height);--awb-caption-title-letter-spacing:var(--h2_typography-letter-spacing);\"><div class=\"imageframe-align-center\"><span class=\" fusion-imageframe imageframe-none imageframe-3 hover-type-zoomin fusion-animated\" style=\"border:1px solid rgba(000,000,000,.06);\" data-animationType=\"fadeInDown\" data-animationDuration=\"1\" data-animationOffset=\"top-into-view\"><a class=\"fusion-no-lightbox\" href=\".\/produktuebersicht\" target=\"_self\" aria-label=\"Sandbahnwagen der Ennepetaler Formk\u00e4sten E-Form B\u00fchren GmbH\"><img decoding=\"async\" width=\"300\" height=\"225\" alt=\"Sandbahn-K\u00fchlwagen\" src=\"https:\/\/e-form.eu\/wp-content\/uploads\/2014\/11\/Standbahnwagen_small-300x225.jpg\" class=\"img-responsive wp-image-12255\" srcset=\"https:\/\/e-form.eu\/wp-content\/uploads\/2014\/11\/Standbahnwagen_small-300x225.jpg 300w, https:\/\/e-form.eu\/wp-content\/uploads\/2014\/11\/Standbahnwagen_small.jpg 800w\" sizes=\"(max-width: 300px) 100vw, 300px\" \/><\/a><\/span><\/div><\/div><div class=\"fusion-text fusion-text-5\"><h2 style=\"text-align: center;\">Cooling Car<\/h2>\n<\/div><div class=\"fusion-sep-clear\"><\/div><div class=\"fusion-separator fusion-full-width-sep\" style=\"margin-left: auto;margin-right: auto;margin-top:5px;margin-bottom:5px;width:100%;\"><\/div><div class=\"fusion-sep-clear\"><\/div><div class=\"fusion-text fusion-text-6\"><p style=\"text-align: justify;\">Cooling car in cast or welded constructions.<\/p>\n<\/div><div class=\"fusion-clearfix\"><\/div><\/div><\/div><div class=\"fusion-layout-column fusion_builder_column fusion-builder-column-5 fusion_builder_column_1_3 1_3 fusion-one-third fusion-column-last\" style=\"--awb-bg-color:#ffffff;--awb-bg-color-hover:#ffffff;--awb-bg-size:cover;--awb-margin-bottom:3%;width:30.6666%;\"><div class=\"fusion-column-wrapper fusion-flex-column-wrapper-legacy\"><div class=\"fusion-image-element fusion-image-align-center in-legacy-container\" style=\"text-align:center;--awb-caption-title-font-family:var(--h2_typography-font-family);--awb-caption-title-font-weight:var(--h2_typography-font-weight);--awb-caption-title-font-style:var(--h2_typography-font-style);--awb-caption-title-size:var(--h2_typography-font-size);--awb-caption-title-transform:var(--h2_typography-text-transform);--awb-caption-title-line-height:var(--h2_typography-line-height);--awb-caption-title-letter-spacing:var(--h2_typography-letter-spacing);\"><div class=\"imageframe-align-center\"><span class=\" fusion-imageframe imageframe-none imageframe-4 hover-type-zoomin fusion-animated\" data-animationType=\"fadeInDown\" data-animationDuration=\"1\" data-animationOffset=\"top-into-view\"><a class=\"fusion-no-lightbox\" href=\".\/produktuebersicht\" target=\"_self\" aria-label=\"Gro\u00dfteilbearbeitung der Ennepetaler Formk\u00e4sten E-Form B\u00fchren GmbH\"><img decoding=\"async\" width=\"300\" height=\"225\" alt=\"Gro\u00dfteilbearbeitung der Ennepetaler Formk\u00e4sten E-Form B\u00fchren GmbH\" src=\"https:\/\/e-form.eu\/wp-content\/uploads\/2014\/11\/Gro\u00dfteilbearbeitung-1_small-300x225.jpg\" class=\"img-responsive wp-image-12256\" srcset=\"https:\/\/e-form.eu\/wp-content\/uploads\/2014\/11\/Gro\u00dfteilbearbeitung-1_small-300x225.jpg 300w, https:\/\/e-form.eu\/wp-content\/uploads\/2014\/11\/Gro\u00dfteilbearbeitung-1_small.jpg 800w\" sizes=\"(max-width: 300px) 100vw, 300px\" \/><\/a><\/span><\/div><\/div><div class=\"fusion-text fusion-text-7\"><h2 style=\"text-align: center;\">Machining of large parts<\/h2>\n<\/div><div class=\"fusion-sep-clear\"><\/div><div class=\"fusion-separator fusion-full-width-sep\" style=\"margin-left: auto;margin-right: auto;margin-top:5px;margin-bottom:5px;width:100%;\"><\/div><div class=\"fusion-sep-clear\"><\/div><div class=\"fusion-text fusion-text-8\"><p style=\"text-align: justify;\">Large machining up to 6,000 mm x 3,000 mm.<\/p>\n<\/div><div class=\"fusion-clearfix\"><\/div><\/div><\/div><\/div><\/div><div class=\"fusion-fullwidth fullwidth-box fusion-builder-row-3 hundred-percent-fullwidth non-hundred-percent-height-scrolling\" style=\"--awb-background-repeat:repeat;--awb-border-radius-top-left:0px;--awb-border-radius-top-right:0px;--awb-border-radius-bottom-right:0px;--awb-border-radius-bottom-left:0px;--awb-padding-top:50px;--awb-padding-right:11.25%;--awb-padding-bottom:50px;--awb-padding-left:11.25%;--awb-border-sizes-top:0px;--awb-border-sizes-bottom:0px;--awb-flex-wrap:wrap;\" ><div class=\"fusion-builder-row fusion-row\"><div class=\"fusion-layout-column fusion_builder_column fusion-builder-column-6 fusion_builder_column_1_6 1_6 fusion-one-sixth fusion-column-first\" style=\"--awb-bg-color:#ffffff;--awb-bg-color-hover:#ffffff;--awb-bg-size:cover;--awb-margin-bottom:3%;width:13.3333%; margin-right: 4%;\"><div class=\"fusion-column-wrapper fusion-flex-column-wrapper-legacy\"><div class=\"fusion-clearfix\"><\/div><\/div><\/div><div class=\"fusion-layout-column fusion_builder_column fusion-builder-column-7 fusion_builder_column_1_3 1_3 fusion-one-third\" style=\"--awb-bg-color:#ffffff;--awb-bg-color-hover:#ffffff;--awb-bg-size:cover;--awb-margin-bottom:3%;width:30.6666%; margin-right: 4%;\"><div class=\"fusion-column-wrapper fusion-flex-column-wrapper-legacy\"><div class=\"fusion-image-element fusion-image-align-center in-legacy-container\" style=\"text-align:center;--awb-caption-title-font-family:var(--h2_typography-font-family);--awb-caption-title-font-weight:var(--h2_typography-font-weight);--awb-caption-title-font-style:var(--h2_typography-font-style);--awb-caption-title-size:var(--h2_typography-font-size);--awb-caption-title-transform:var(--h2_typography-text-transform);--awb-caption-title-line-height:var(--h2_typography-line-height);--awb-caption-title-letter-spacing:var(--h2_typography-letter-spacing);\"><div class=\"imageframe-align-center\"><span class=\" fusion-imageframe imageframe-none imageframe-5 hover-type-zoomin fusion-animated\" data-animationType=\"fadeInDown\" data-animationDuration=\"1\" data-animationOffset=\"top-into-view\"><a class=\"fusion-no-lightbox\" href=\".\/produktuebersicht\" target=\"_self\" aria-label=\"Gie\u00dfereibedarf der Ennepetaler Formk\u00e4sten E-Form B\u00fchren GmbH\"><img decoding=\"async\" width=\"300\" height=\"225\" alt=\"Gie\u00dfereibedarf der Ennepetaler Formk\u00e4sten E-Form B\u00fchren GmbH\" src=\"https:\/\/e-form.eu\/wp-content\/uploads\/2014\/11\/Gie\u00dfereibedarf_small-300x225.jpg\" class=\"img-responsive wp-image-12259\" srcset=\"https:\/\/e-form.eu\/wp-content\/uploads\/2014\/11\/Gie\u00dfereibedarf_small-300x225.jpg 300w, https:\/\/e-form.eu\/wp-content\/uploads\/2014\/11\/Gie\u00dfereibedarf_small.jpg 800w\" sizes=\"(max-width: 300px) 100vw, 300px\" \/><\/a><\/span><\/div><\/div><div class=\"fusion-text fusion-text-9\"><h2 style=\"text-align: center;\">Foundry Supplies<\/h2>\n<\/div><div class=\"fusion-sep-clear\"><\/div><div class=\"fusion-separator fusion-full-width-sep\" style=\"margin-left: auto;margin-right: auto;margin-top:5px;margin-bottom:5px;width:100%;\"><\/div><div class=\"fusion-sep-clear\"><\/div><div class=\"fusion-text fusion-text-10\"><p style=\"text-align: justify;\">Foundry Supplies Accessories.<\/p>\n<\/div><div class=\"fusion-clearfix\"><\/div><\/div><\/div><div class=\"fusion-layout-column fusion_builder_column fusion-builder-column-8 fusion_builder_column_1_3 1_3 fusion-one-third\" style=\"--awb-bg-color:#ffffff;--awb-bg-color-hover:#ffffff;--awb-bg-size:cover;--awb-margin-bottom:3%;width:30.6666%; margin-right: 4%;\"><div class=\"fusion-column-wrapper fusion-flex-column-wrapper-legacy\"><div class=\"fusion-image-element fusion-image-align-center in-legacy-container\" style=\"text-align:center;--awb-caption-title-font-family:var(--h2_typography-font-family);--awb-caption-title-font-weight:var(--h2_typography-font-weight);--awb-caption-title-font-style:var(--h2_typography-font-style);--awb-caption-title-size:var(--h2_typography-font-size);--awb-caption-title-transform:var(--h2_typography-text-transform);--awb-caption-title-line-height:var(--h2_typography-line-height);--awb-caption-title-letter-spacing:var(--h2_typography-letter-spacing);\"><div class=\"imageframe-align-center\"><span class=\" fusion-imageframe imageframe-none imageframe-6 hover-type-zoomin fusion-animated\" data-animationType=\"fadeInDown\" data-animationDuration=\"1.0\" data-animationOffset=\"top-into-view\"><a class=\"fusion-no-lightbox\" href=\".\/produktuebersicht\" target=\"_self\" aria-label=\"3\"><img decoding=\"async\" width=\"640\" height=\"480\" alt=\"Auf Wunsch vermessen wir Ihre Bauteile und Werkst\u00fccke mit unserem zertifiziertem FARO Platinumarm\" src=\"https:\/\/e-form.eu\/wp-content\/uploads\/2018\/07\/3.jpg\" class=\"img-responsive wp-image-12308\" srcset=\"https:\/\/e-form.eu\/wp-content\/uploads\/2018\/07\/3-200x150.jpg 200w, https:\/\/e-form.eu\/wp-content\/uploads\/2018\/07\/3-400x300.jpg 400w, https:\/\/e-form.eu\/wp-content\/uploads\/2018\/07\/3-600x450.jpg 600w, https:\/\/e-form.eu\/wp-content\/uploads\/2018\/07\/3.jpg 640w\" sizes=\"(max-width: 800px) 100vw, 400px\" \/><\/a><\/span><\/div><\/div><div class=\"fusion-text fusion-text-11\"><h2 style=\"text-align: center;\">Measuring<\/h2>\n<\/div><div class=\"fusion-sep-clear\"><\/div><div class=\"fusion-separator fusion-full-width-sep\" style=\"margin-left: auto;margin-right: auto;margin-top:5px;margin-bottom:5px;width:100%;\"><\/div><div class=\"fusion-sep-clear\"><\/div><div class=\"fusion-text fusion-text-12\"><p style=\"text-align: justify;\">Measurement of components and workpieces<\/p>\n<\/div><div class=\"fusion-clearfix\"><\/div><\/div><\/div><div class=\"fusion-layout-column fusion_builder_column fusion-builder-column-9 fusion_builder_column_1_6 1_6 fusion-one-sixth fusion-column-last\" style=\"--awb-bg-color:#ffffff;--awb-bg-color-hover:#ffffff;--awb-bg-size:cover;--awb-margin-bottom:3%;width:13.3333%;\"><div class=\"fusion-column-wrapper fusion-flex-column-wrapper-legacy\"><div class=\"fusion-clearfix\"><\/div><\/div><\/div><\/div><\/div><div class=\"fusion-fullwidth fullwidth-box fusion-builder-row-4 nonhundred-percent-fullwidth non-hundred-percent-height-scrolling\" style=\"--awb-background-position:left top;--awb-border-radius-top-left:0px;--awb-border-radius-top-right:0px;--awb-border-radius-bottom-right:0px;--awb-border-radius-bottom-left:0px;--awb-padding-top:20px;--awb-padding-right:120px;--awb-padding-bottom:50px;--awb-padding-left:120px;--awb-border-sizes-top:0px;--awb-border-sizes-bottom:0px;--awb-flex-wrap:wrap;\" ><div class=\"fusion-builder-row fusion-row\"><div class=\"fusion-layout-column fusion_builder_column fusion-builder-column-10 fusion_builder_column_1_4 1_4 fusion-one-fourth fusion-column-first fusion-animated\" style=\"--awb-bg-image:url(&#039;https:\/\/e-form.eu\/wp-content\/uploads\/2014\/11\/image_standardformkasten-300x178.png&#039;);--awb-bg-size:cover;width:22%; margin-right: 4%;\" data-animationType=\"fadeInLeft\" data-animationDuration=\"0.1\" data-animationOffset=\"top-into-view\"><div class=\"fusion-column-wrapper fusion-flex-column-wrapper-legacy fusion-empty-column-bg-image fusion-column-has-bg-image\" data-bg-url=\"https:\/\/e-form.eu\/wp-content\/uploads\/2014\/11\/image_standardformkasten-300x178.png\"><img decoding=\"async\" class=\"fusion-empty-dims-img-placeholder\" aria-label=\"image_standardformkasten\" src=\"data:image\/svg+xml,%3Csvg%20xmlns%3D%27http%3A%2F%2Fwww.w3.org%2F2000%2Fsvg%27%20width%3D%27300%27%20height%3D%27178%27%20viewBox%3D%270%200%20300%20178%27%3E%3Crect%20width%3D%27300%27%20height%3D%27178%27%20fill-opacity%3D%220%22%2F%3E%3C%2Fsvg%3E\"><div class=\"fusion-clearfix\"><\/div><\/div><\/div><div class=\"fusion-layout-column fusion_builder_column fusion-builder-column-11 fusion_builder_column_3_4 3_4 fusion-three-fourth fusion-column-last\" style=\"--awb-bg-position:left center;--awb-bg-size:cover;width:74%;\"><div class=\"fusion-column-wrapper fusion-flex-column-wrapper-legacy\"><div class=\"fusion-text fusion-text-13\"><h2>Standard Flask<\/h2>\n<p style=\"text-align: justify;\">This is our standard flask. If required, you can download this technical drawing in dwg format. Provide the file with your desired dimensions. Send the customized file by post or email back to us.<\/p>\n<p style=\"text-align: justify;\"><div class=\"fusion-alignleft\"><a class=\"fusion-button button-flat button-medium button-darkgray fusion-button-darkgray button-1 fusion-button-default-span fusion-animated\" data-animationType=\"bounceInLeft\" data-animationDuration=\"0.3\" data-animationOffset=\"top-into-view\" target=\"_self\" href=\".\/wp-content\/download\/stdfrmkasten.dwg\"><span class=\"fusion-button-icon-divider button-icon-divider-left\"><i class=\" fa fa-download awb-button__icon awb-button__icon--default\" aria-hidden=\"true\"><\/i><\/span><span class=\"fusion-button-text awb-button__text awb-button__text--default fusion-button-text-left\">DOWNLOAD<\/span><\/a><\/div><\/p>\n<\/div><div class=\"fusion-clearfix\"><\/div><\/div><\/div><\/div><\/div><div class=\"fusion-fullwidth fullwidth-box fusion-builder-row-5 hundred-percent-fullwidth non-hundred-percent-height-scrolling\" style=\"--awb-border-radius-top-left:0px;--awb-border-radius-top-right:0px;--awb-border-radius-bottom-right:0px;--awb-border-radius-bottom-left:0px;--awb-padding-top:0px;--awb-padding-right:0px;--awb-padding-bottom:0px;--awb-padding-left:0px;--awb-border-sizes-top:0px;--awb-border-sizes-bottom:0px;--awb-flex-wrap:wrap;\" ><div class=\"fusion-builder-row fusion-row\"><div class=\"fusion-layout-column fusion_builder_column fusion-builder-column-12 fusion_builder_column_1_1 1_1 fusion-one-full fusion-column-first fusion-column-last\" style=\"--awb-bg-size:cover;\"><div class=\"fusion-column-wrapper fusion-column-has-shadow fusion-flex-column-wrapper-legacy\"><div class=\"fusion-video fusion-selfhosted-video\" style=\"margin-top:0px;margin-bottom:0px;max-width:100%;\"><div class=\"video-wrapper\"><video playsinline=\"true\" width=\"100%\" style=\"object-fit: cover;\" poster=\"https:\/\/e-form.eu\/wp-content\/uploads\/2020\/05\/Screenshot-2020-05-01-14.30.21.png\" preload=\"auto\" controls=\"1\"><source src=\"http:\/\/e-form.eu\/wp-content\/uploads\/video\/eform_small.webm\" type=\"video\/webm\"><source src=\"http:\/\/e-form.eu\/wp-content\/uploads\/video\/eform_small.mp4\" type=\"video\/mp4\">Sorry, your browser doesn&#039;t support embedded videos.<\/video><\/div><\/div><div class=\"fusion-clearfix\"><\/div><\/div><\/div><\/div><\/div><\/p>\n","protected":false},"excerpt":{"rendered":"","protected":false},"author":1,"featured_media":0,"parent":0,"menu_order":0,"comment_status":"closed","ping_status":"closed","template":"100-width.php","meta":{"_acf_changed":false,"footnotes":""},"class_list":["post-12108","page","type-page","status-publish","hentry"],"acf":[],"_links":{"self":[{"href":"https:\/\/e-form.eu\/en\/wp-json\/wp\/v2\/pages\/12108","targetHints":{"allow":["GET"]}}],"collection":[{"href":"https:\/\/e-form.eu\/en\/wp-json\/wp\/v2\/pages"}],"about":[{"href":"https:\/\/e-form.eu\/en\/wp-json\/wp\/v2\/types\/page"}],"author":[{"embeddable":true,"href":"https:\/\/e-form.eu\/en\/wp-json\/wp\/v2\/users\/1"}],"replies":[{"embeddable":true,"href":"https:\/\/e-form.eu\/en\/wp-json\/wp\/v2\/comments?post=12108"}],"version-history":[{"count":5,"href":"https:\/\/e-form.eu\/en\/wp-json\/wp\/v2\/pages\/12108\/revisions"}],"predecessor-version":[{"id":12434,"href":"https:\/\/e-form.eu\/en\/wp-json\/wp\/v2\/pages\/12108\/revisions\/12434"}],"wp:attachment":[{"href":"https:\/\/e-form.eu\/en\/wp-json\/wp\/v2\/media?parent=12108"}],"curies":[{"name":"wp","href":"https:\/\/api.w.org\/{rel}","templated":true}]}}