{"id":12278,"date":"2015-11-27T17:26:42","date_gmt":"2015-11-27T16:26:42","guid":{"rendered":"https:\/\/e-form.eu\/?page_id=12278"},"modified":"2018-07-28T17:40:17","modified_gmt":"2018-07-28T15:40:17","slug":"philosophie","status":"publish","type":"page","link":"https:\/\/e-form.eu\/en\/philosophie\/","title":{"rendered":"Philosophie"},"content":{"rendered":"<p><div class=\"fusion-fullwidth fullwidth-box fusion-builder-row-1 nonhundred-percent-fullwidth non-hundred-percent-height-scrolling\" style=\"--awb-background-position:right top;--awb-border-radius-top-left:0px;--awb-border-radius-top-right:0px;--awb-border-radius-bottom-right:0px;--awb-border-radius-bottom-left:0px;--awb-padding-top:20px;--awb-padding-bottom:20px;--awb-border-sizes-top:0px;--awb-border-sizes-bottom:0px;--awb-flex-wrap:wrap;\" ><div class=\"fusion-builder-row fusion-row\"><div class=\"fusion-layout-column fusion_builder_column fusion-builder-column-0 fusion_builder_column_4_5 4_5 fusion-four-fifth fusion-column-first\" style=\"--awb-bg-size:cover;width:79.2%; margin-right: 4%;\"><div class=\"fusion-column-wrapper fusion-flex-column-wrapper-legacy\"><div class=\"fusion-text fusion-text-1\"><h1 style=\"text-align: justify;\"><span id=\"result_box\" class=\"short_text\" lang=\"en\"><span class=\"\">Our Philosophy<\/span><\/span><\/h1>\n<p style=\"text-align: justify;\"><span id=\"result_box\" class=\"\" lang=\"en\">Due to decades of experience and presence on the foundry market, e-form is constantly familiar with new techniques. <span class=\"\">It is our task to constantly solve new problems and use innovations professionally and profitably.<\/span><\/span><\/p>\n<p style=\"text-align: justify;\"><span id=\"result_box\" class=\"\" lang=\"en\"><span class=\"\">Highest quality and precision must be maintained, as the products are exposed to continuous thermal and mechanical stress for up to 24 hours a day.<\/span> <span class=\"\">Our market presence covers the entire foundry industry worldwide.<\/span> <span class=\"\">From small simple\u00a0<strong>flasks for handmoulding<\/strong> up to complex equipment assemblies, we offer our experience in the design and manufacture of welded and cast iron boxes, cooling cars and hardened guide parts.<\/span><\/span><\/p>\n<p style=\"text-align: justify;\"><span id=\"result_box\" class=\"\" lang=\"en\">We always strive to produce our products with the highest quality and accuracy in the time frame yout set. <span class=\"\">Our complete deliveries include, if necessary, the preparation of engineering drawings, procurement of all raw materials, mechanical processing of the raw parts and assembly of all accessories.<\/span> <span class=\"\">With state-of-the-art CNC processing machines, we can achieve a precise <span id=\"result_box\" class=\"short_text\" lang=\"en\">reproducible<\/span> of our products in only 2 clamping operations.<\/span> <span class=\"\">Herewith, we produce casting results even in the largest <strong>flasks<\/strong>, which are unsurpassed so far.<\/span><br \/>\n<\/span><\/p>\n<\/div><div class=\"fusion-clearfix\"><\/div><\/div><\/div><div class=\"fusion-layout-column fusion_builder_column fusion-builder-column-1 fusion_builder_column_1_5 1_5 fusion-one-fifth fusion-column-last fusion-animated\" style=\"--awb-bg-image:url(&#039;https:\/\/e-form.eu\/wp-content\/uploads\/2015\/11\/image_philosophie-150x300.jpg&#039;);--awb-bg-size:cover;width:16.8%;\" data-animationType=\"fadeInRight\" data-animationDuration=\"0.3\" data-animationOffset=\"top-into-view\"><div class=\"fusion-column-wrapper fusion-flex-column-wrapper-legacy fusion-empty-column-bg-image fusion-column-has-bg-image\" data-bg-url=\"https:\/\/e-form.eu\/wp-content\/uploads\/2015\/11\/image_philosophie-150x300.jpg\"><img decoding=\"async\" class=\"fusion-empty-dims-img-placeholder\" aria-label=\"image_philosophie\" src=\"data:image\/svg+xml,%3Csvg%20xmlns%3D%27http%3A%2F%2Fwww.w3.org%2F2000%2Fsvg%27%20width%3D%27150%27%20height%3D%27300%27%20viewBox%3D%270%200%20150%20300%27%3E%3Crect%20width%3D%27150%27%20height%3D%27300%27%20fill-opacity%3D%220%22%2F%3E%3C%2Fsvg%3E\"><div class=\"fusion-clearfix\"><\/div><\/div><\/div><\/div><\/div><div class=\"fusion-fullwidth fullwidth-box fusion-builder-row-2 nonhundred-percent-fullwidth non-hundred-percent-height-scrolling\" style=\"--awb-background-position:right top;--awb-border-radius-top-left:0px;--awb-border-radius-top-right:0px;--awb-border-radius-bottom-right:0px;--awb-border-radius-bottom-left:0px;--awb-padding-top:20px;--awb-padding-bottom:50px;--awb-border-sizes-top:0px;--awb-border-sizes-bottom:0px;--awb-flex-wrap:wrap;\" ><div class=\"fusion-builder-row fusion-row\"><div class=\"fusion-layout-column fusion_builder_column fusion-builder-column-2 fusion_builder_column_4_5 4_5 fusion-four-fifth fusion-column-first\" style=\"--awb-bg-size:cover;width:79.2%; margin-right: 4%;\"><div class=\"fusion-column-wrapper fusion-flex-column-wrapper-legacy\"><div class=\"fusion-text fusion-text-2\"><h1 style=\"text-align: justify;\">The <span id=\"result_box\" class=\"short_text\" lang=\"en\"><span class=\"\">history<\/span><\/span> of E-Form<\/h1>\n<p style=\"text-align: justify;\">The businessman Hermann Rosendahl and the technician Willi Bosselmann founded the company on April 1, 1920 under the name Bosselmann &amp; Co. in Ennepetal-Rahlenbecke. First, the production included the manufacture of forged flask parts, whereby &#8211; as usual at that time &#8211; most flasks were manufactured as clamping frames.<\/p>\n<p style=\"text-align: justify;\">Shortly after start of production, the plant was moved to Altenvoerde-Walkm\u00fchle and remained there until 1957, where it survived the economic crises of the Weimar Republic, albeit with great difficulty. Willi Bosselmann retired at the end of the 1920s from the company. His partner Hermann Rosendahl continued the company as sole owner; shortly afterwards he was supported by his son Werner Rosendahl, who managed the branch factory founded in Gevelsberg in the mid-30s. Only clamping frames were produced in this plant, while the Altenvoerde plant produced flasks of a larger and more complicated type.<\/p>\n<\/div><div class=\"fusion-clearfix\"><\/div><\/div><\/div><div class=\"fusion-layout-column fusion_builder_column fusion-builder-column-3 fusion_builder_column_1_5 1_5 fusion-one-fifth fusion-column-last fusion-animated\" style=\"--awb-bg-image:url(&#039;https:\/\/e-form.eu\/wp-content\/uploads\/2015\/11\/image_historie_left-225x300.jpg&#039;);--awb-bg-size:cover;width:16.8%;\" data-animationType=\"fadeInRight\" data-animationDuration=\"0.3\" data-animationOffset=\"top-into-view\"><div class=\"fusion-column-wrapper fusion-flex-column-wrapper-legacy fusion-empty-column-bg-image fusion-column-has-bg-image\" data-bg-url=\"https:\/\/e-form.eu\/wp-content\/uploads\/2015\/11\/image_historie_left-225x300.jpg\"><img decoding=\"async\" class=\"fusion-empty-dims-img-placeholder\" aria-label=\"image_historie_left\" src=\"data:image\/svg+xml,%3Csvg%20xmlns%3D%27http%3A%2F%2Fwww.w3.org%2F2000%2Fsvg%27%20width%3D%27225%27%20height%3D%27300%27%20viewBox%3D%270%200%20225%20300%27%3E%3Crect%20width%3D%27225%27%20height%3D%27300%27%20fill-opacity%3D%220%22%2F%3E%3C%2Fsvg%3E\"><div class=\"fusion-clearfix\"><\/div><\/div><\/div><div class=\"fusion-layout-column fusion_builder_column fusion-builder-column-4 fusion_builder_column_4_5 4_5 fusion-four-fifth fusion-column-first\" style=\"--awb-bg-size:cover;width:79.2%; margin-right: 4%;\"><div class=\"fusion-column-wrapper fusion-flex-column-wrapper-legacy\"><div class=\"fusion-text fusion-text-3\"><p style=\"text-align: justify;\">Like many other companies at that time, Bosselmann &amp; Co. had to work for armaments production during the World War II. After the end of the war, however, the warehouse was full: numerous completed and prefabricated flasks &#8211; mainly deliveries for Sudetenland &#8211; could no longer be delivered. Since the individual foundries resumed their production relatively quickly after 1945, Bosselmann &amp; Co. sold its inventories well. Slowly, the new production started again, although the producement was associated with difficulties.<\/p>\n<p style=\"text-align: justify;\">After the currency cut in 1948, things went quickly; there was a lot of catching up to do and new workers were hired. Werner Rosendahl did not experience the new upswing: he died in 1949; the company grew constantly. In 1957 it was moved to its present location in Ennepetal-Altenvoerde, Loher Stra\u00dfe, and at the same time renamed &#8220;Ennepetaler Formkastenwerk&#8221;. The move to the new and more spacious factory halls and office buildings made it possible to rationalise production to a large extent and to use modern machinery to meet the increased requirements of the foundry industry. In 1960 Hermann Rosendahl died, who had tirelessly made the plant into a leading manufacturer of flaskes.<\/p>\n<\/div><div class=\"fusion-clearfix\"><\/div><\/div><\/div><div class=\"fusion-layout-column fusion_builder_column fusion-builder-column-5 fusion_builder_column_1_5 1_5 fusion-one-fifth fusion-column-last fusion-animated\" style=\"--awb-bg-image:url(&#039;https:\/\/e-form.eu\/wp-content\/uploads\/2015\/11\/image_historie_bottom.jpg&#039;);--awb-bg-size:cover;width:16.8%;\" data-animationType=\"fadeInRight\" data-animationDuration=\"0.3\" data-animationOffset=\"top-into-view\"><div class=\"fusion-column-wrapper fusion-flex-column-wrapper-legacy fusion-empty-column-bg-image fusion-column-has-bg-image\" data-bg-url=\"https:\/\/e-form.eu\/wp-content\/uploads\/2015\/11\/image_historie_bottom.jpg\"><img decoding=\"async\" class=\"fusion-empty-dims-img-placeholder\" aria-label=\"image_historie_bottom\" src=\"data:image\/svg+xml,%3Csvg%20xmlns%3D%27http%3A%2F%2Fwww.w3.org%2F2000%2Fsvg%27%20width%3D%27239%27%20height%3D%27179%27%20viewBox%3D%270%200%20239%20179%27%3E%3Crect%20width%3D%27239%27%20height%3D%27179%27%20fill-opacity%3D%220%22%2F%3E%3C%2Fsvg%3E\"><div class=\"fusion-clearfix\"><\/div><\/div><\/div><div class=\"fusion-layout-column fusion_builder_column fusion-builder-column-6 fusion_builder_column_4_5 4_5 fusion-four-fifth fusion-column-first\" style=\"--awb-bg-size:cover;width:79.2%; margin-right: 4%;\"><div class=\"fusion-column-wrapper fusion-flex-column-wrapper-legacy\"><div class=\"fusion-text fusion-text-4\"><p style=\"text-align: justify;\">After his death the company was transformed into a limited partnership, and Marianne B\u00fchren-Rosendahl &#8211; daughter of the company founder &#8211; took over as the director and sole owner the management\u00a0 of the company, together with her husband Erwin B\u00fchren and the authorised signatory G\u00fcnter Hochwahr. The company logo &#8220;e-form&#8221;, which has become a household name in the global foundry industry to this day, also became famous at this time. In the 1960s, the production of flasks in welded constructions for semi-automatic and fully automatic vibratory press moulding plants was started. These flasks became an essential part of the production programme and the clientele grew constantly. Already at this time the clientele was not limited to Europe. Foundries from North and South America as well as some African and Asian countries bought flasks from e-form.<\/p>\n<p style=\"text-align: justify;\">On April 1, 1970, the company&#8217;s 50th anniversary was celebrated with many guests from home and abroad. In the mid-1970s, NC technology also found its way into the machining of flasks and cooling cars. However, the investment volume of the foundries decreased very much in the following years. Of course, this situation also affected the flask. Many foundries had to close their doors due to the economic situation. In 1983 Erwin B\u00fchren died suddenly and too early. Marianne B\u00fchren-Rosendahl retired from active business at the end of 1984 and son Werner B\u00fchren became sole owner and managing director. At his side is his wife Carola B\u00fchren. She regulates the financial interests of the company. G\u00fcnter Hochwahr, authorized signatory, retired at the end of 1984.<\/p>\n<\/div><div class=\"fusion-clearfix\"><\/div><\/div><\/div><div class=\"fusion-layout-column fusion_builder_column fusion-builder-column-7 fusion_builder_column_1_5 1_5 fusion-one-fifth fusion-column-last fusion-animated\" style=\"--awb-bg-image:url(&#039;https:\/\/e-form.eu\/wp-content\/uploads\/2015\/11\/image_historie_bottom1.jpg&#039;);--awb-bg-size:cover;width:16.8%;\" data-animationType=\"fadeInRight\" data-animationDuration=\"0.3\" data-animationOffset=\"top-into-view\"><div class=\"fusion-column-wrapper fusion-flex-column-wrapper-legacy fusion-empty-column-bg-image fusion-column-has-bg-image\" data-bg-url=\"https:\/\/e-form.eu\/wp-content\/uploads\/2015\/11\/image_historie_bottom1.jpg\"><img decoding=\"async\" class=\"fusion-empty-dims-img-placeholder\" aria-label=\"image_historie_bottom1\" src=\"data:image\/svg+xml,%3Csvg%20xmlns%3D%27http%3A%2F%2Fwww.w3.org%2F2000%2Fsvg%27%20width%3D%27237%27%20height%3D%27178%27%20viewBox%3D%270%200%20237%20178%27%3E%3Crect%20width%3D%27237%27%20height%3D%27178%27%20fill-opacity%3D%220%22%2F%3E%3C%2Fsvg%3E\"><div class=\"fusion-clearfix\"><\/div><\/div><\/div><div class=\"fusion-layout-column fusion_builder_column fusion-builder-column-8 fusion_builder_column_1_1 1_1 fusion-one-full fusion-column-first fusion-column-last\" style=\"--awb-bg-size:cover;\"><div class=\"fusion-column-wrapper fusion-flex-column-wrapper-legacy\"><div class=\"fusion-text fusion-text-5\"><p>In April 1986, Norbert Lewandowski also became Managing Director of our company. His area of responsibility is purchasing and sales. The generation change was completed. At the beginning of the 1980s there was another change in foundry technology. New compaction systems were introduced in moulding plants.<\/p>\n<p>The classic flask became a precision machine part. The proportion of cast-iron flasks and standing railway carriages increased consistently. The dimensions of the parts also increased. Ever larger CNC bed milling machines had to be invested. The company turned 75 on April 1, 1995. This anniversary was also acknowledged by the visit of many guests.<\/p>\n<p>In 1996 the first portal milling machine was purchased. The range of parts to be machined parallel to flasks also increased. Among other things, many different transmission housings, machine parts and oil pans for large marine diesel engines are mechanically processed and measured at e-form today. The last major investment was made in January 2018. A new 5th axis large portal milling machine was acquired. e-form is also well equipped for the coming years. The plant in Ennepetel-Altenvoerde is constantly expanded and the machinery is constantly modernised.<\/p>\n<p style=\"text-align: justify;\">In June 2014 the long-time owner and managing director Werner B\u00fchren has entered his well-deserved retirement.<br \/>\nSince then Frank Lewandowski has been the new owner and managing director of Ennepetaler Formk\u00e4sten B\u00fchren GmbH.<\/p>\n<\/div><div class=\"fusion-clearfix\"><\/div><\/div><\/div><\/div><\/div><\/p>\n","protected":false},"excerpt":{"rendered":"","protected":false},"author":1,"featured_media":0,"parent":0,"menu_order":0,"comment_status":"closed","ping_status":"closed","template":"100-width.php","meta":{"_acf_changed":false,"footnotes":""},"class_list":["post-12278","page","type-page","status-publish","hentry"],"acf":[],"_links":{"self":[{"href":"https:\/\/e-form.eu\/en\/wp-json\/wp\/v2\/pages\/12278","targetHints":{"allow":["GET"]}}],"collection":[{"href":"https:\/\/e-form.eu\/en\/wp-json\/wp\/v2\/pages"}],"about":[{"href":"https:\/\/e-form.eu\/en\/wp-json\/wp\/v2\/types\/page"}],"author":[{"embeddable":true,"href":"https:\/\/e-form.eu\/en\/wp-json\/wp\/v2\/users\/1"}],"replies":[{"embeddable":true,"href":"https:\/\/e-form.eu\/en\/wp-json\/wp\/v2\/comments?post=12278"}],"version-history":[{"count":5,"href":"https:\/\/e-form.eu\/en\/wp-json\/wp\/v2\/pages\/12278\/revisions"}],"predecessor-version":[{"id":12389,"href":"https:\/\/e-form.eu\/en\/wp-json\/wp\/v2\/pages\/12278\/revisions\/12389"}],"wp:attachment":[{"href":"https:\/\/e-form.eu\/en\/wp-json\/wp\/v2\/media?parent=12278"}],"curies":[{"name":"wp","href":"https:\/\/api.w.org\/{rel}","templated":true}]}}