{"id":12321,"date":"2014-08-14T18:24:17","date_gmt":"2014-08-14T16:24:17","guid":{"rendered":"https:\/\/e-form.eu\/?page_id=12321"},"modified":"2018-07-25T00:59:02","modified_gmt":"2018-07-24T22:59:02","slug":"product-overview","status":"publish","type":"page","link":"https:\/\/e-form.eu\/en\/product-overview\/","title":{"rendered":"Product Overview"},"content":{"rendered":"<p><div class=\"fusion-fullwidth fullwidth-box fusion-builder-row-1 nonhundred-percent-fullwidth non-hundred-percent-height-scrolling\" style=\"--awb-background-position:left top;--awb-border-radius-top-left:0px;--awb-border-radius-top-right:0px;--awb-border-radius-bottom-right:0px;--awb-border-radius-bottom-left:0px;--awb-padding-top:20px;--awb-padding-bottom:20px;--awb-border-sizes-top:0px;--awb-border-sizes-bottom:0px;--awb-flex-wrap:wrap;\" ><div class=\"fusion-builder-row fusion-row\"><div class=\"fusion-layout-column fusion_builder_column fusion-builder-column-0 fusion_builder_column_1_1 1_1 fusion-one-full fusion-column-first fusion-column-last\" style=\"--awb-bg-size:cover;\"><div class=\"fusion-column-wrapper fusion-flex-column-wrapper-legacy\"><div class=\"fusion-text fusion-text-1\"><h1 style=\"text-align: justify;\">Product Overview<\/h1>\n<p>For many years we have been covering the needs of our customers and foundries for flasks, cooling cars and machining of large parts. Our unique selling points are the high flexibility, the fast production and our know-how, which we have acquired through many years and the special requirements of our customers. We are specialists for flasks. Due to the possibility of machining large parts, we can also cover the most special requirements of our customers. Precision and fast production are our characteristics. We have remained true to the Ennepetal location as a flasks manufacturer since 1920. Our customers appreciate our continuity as a long-standing contact partner &#8211; even for very special requirements.<\/p>\n<p>We are constantly expanding our portfolio and optimizing our production processes so that we can meet new requirements in the industry &#8211; so that you can always count on us.<\/p>\n<\/div><div class=\"fusion-clearfix\"><\/div><\/div><\/div><\/div><\/div><div class=\"fusion-fullwidth fullwidth-box fusion-builder-row-2 hundred-percent-fullwidth non-hundred-percent-height-scrolling\" style=\"--awb-border-radius-top-left:0px;--awb-border-radius-top-right:0px;--awb-border-radius-bottom-right:0px;--awb-border-radius-bottom-left:0px;--awb-overflow:visible;--awb-flex-wrap:wrap;\" ><div class=\"fusion-builder-row fusion-row\"><div class=\"fusion-layout-column fusion_builder_column fusion-builder-column-1 fusion_builder_column_1_1 1_1 fusion-one-full fusion-column-first fusion-column-last fusion-column-no-min-height\" style=\"--awb-bg-size:cover;--awb-margin-bottom:0px;\"><div class=\"fusion-column-wrapper fusion-flex-column-wrapper-legacy\"><div class=\"fusion-column-content-centered\"><div class=\"fusion-column-content\"><style type=\"text\/css\">.fusion-portfolio-wrapper#fusion-portfolio-1 .fusion-portfolio-content{ padding: 25px 25px 25px 25px; text-align: left; }<\/style><div class=\"fusion-recent-works fusion-portfolio-element fusion-portfolio fusion-portfolio-1 fusion-portfolio-grid fusion-portfolio-paging-pagination fusion-portfolio-four fusion-portfolio-boxed fusion-portfolio-text fusion-portfolio-equal-heights fusion-portfolio-rollover\" data-id=\"-rw-1\" data-columns=\"four\"><style type=\"text\/css\">.fusion-portfolio-1 .fusion-portfolio-wrapper .fusion-col-spacing{padding:6px;}<\/style><div class=\"fusion-portfolio-wrapper\" id=\"fusion-portfolio-1\" data-picturesize=\"auto\" data-pages=\"0\" style=\"margin:-6px;\"><article id=\"portfolio-1-post-12327\" class=\"fusion-portfolio-post fusion-col-spacing post-12327\"><div class=\"fusion-portfolio-content-wrapper\" style=\"border:1px solid #ebeaea;border-bottom-width:3px;background-color:rgba(255,255,255,0);\"><span class=\"vcard rich-snippet-hidden\"><span class=\"fn\"><a href=\"https:\/\/e-form.eu\/en\/author\/daniel\/\" title=\"Posts by daniel\" rel=\"author\">daniel<\/a><\/span><\/span><span class=\"updated rich-snippet-hidden\">2018-07-24T18:16:19+02:00<\/span><div  class=\"fusion-image-wrapper\" aria-haspopup=\"true\">\n\t\t\t\t<img decoding=\"async\" width=\"640\" height=\"480\" src=\"https:\/\/e-form.eu\/wp-content\/uploads\/2018\/07\/3.jpg\" class=\"attachment-full size-full wp-post-image\" alt=\"Auf Wunsch vermessen wir Ihre Bauteile und Werkst\u00fccke mit unserem zertifiziertem FARO Platinumarm\" srcset=\"https:\/\/e-form.eu\/wp-content\/uploads\/2018\/07\/3-200x150.jpg 200w, https:\/\/e-form.eu\/wp-content\/uploads\/2018\/07\/3-400x300.jpg 400w, https:\/\/e-form.eu\/wp-content\/uploads\/2018\/07\/3-600x450.jpg 600w, https:\/\/e-form.eu\/wp-content\/uploads\/2018\/07\/3.jpg 640w\" sizes=\"(min-width: 2200px) 100vw, (min-width: 856px) 281px, (min-width: 784px) 375px, (min-width: 712px) 562px, (min-width: 640px) 712px, \" \/><div class=\"fusion-rollover\">\n\t<div class=\"fusion-rollover-content\">\n\n\t\t\t\t\t\t\t\t\t\t\t\t\t\t<a class=\"fusion-rollover-link\" href=\"https:\/\/e-form.eu\/en\/portfolio-items\/measuring\/\">Measuring<\/a>\n\t\t\t\n\t\t\t\t\t\t\t\t\t\t\t\t\t\t\n\t\t\t\t\t\t\t\t\n\t\t\t\t\t\t\t\t\t\t\t\t\t<div class=\"fusion-rollover-sep\"><\/div>\n\t\t\t\t\n\t\t\t\t\t\t\t\t\t\t\t\t\t\t\t\t\t\t<a class=\"fusion-rollover-gallery\" href=\"https:\/\/e-form.eu\/wp-content\/uploads\/2018\/07\/3.jpg\" data-options=\"\" data-id=\"12327\" data-rel=\"iLightbox[gallery-rw-1]\" data-title=\"3\" data-caption=\"\">\n\t\t\t\t\t\tGallery\t\t\t\t\t<\/a>\n\t\t\t\t\t\t\t\t\t\t\t\t\t\t\n\t\t\n\t\t\t\t\t\t\t\t\t\t\t\t<h4 class=\"fusion-rollover-title\">\n\t\t\t\t\t<a class=\"fusion-rollover-title-link\" href=\"https:\/\/e-form.eu\/en\/portfolio-items\/measuring\/\">\n\t\t\t\t\t\tMeasuring\t\t\t\t\t<\/a>\n\t\t\t\t<\/h4>\n\t\t\t\n\t\t\t\t\t\t\t\t\t\t\t\t\t\t\t\n\t\t\n\t\t\t\t\t\t<a class=\"fusion-link-wrapper\" href=\"https:\/\/e-form.eu\/en\/portfolio-items\/measuring\/\" aria-label=\"Measuring\"><\/a>\n\t<\/div>\n<\/div>\n<\/div>\n<div class=\"fusion-portfolio-content\" style=\"background-color:rgba(255,255,255,0);\"><h2 class=\"entry-title fusion-post-title\"><a href=\"https:\/\/e-form.eu\/en\/portfolio-items\/measuring\/\">Measuring<\/a><\/h2><div class=\"fusion-content-sep sep-none\" style=\"border-color:#e0dede;\"><\/div><div class=\"fusion-post-content\"><p style=\"text-align: justify;\">On request, we measure your components and workpieces with our certified FARO Platinum Arm.<\/p>\n<\/div><\/div><\/div><\/article><article id=\"portfolio-1-post-12334\" class=\"fusion-portfolio-post fusion-col-spacing post-12334\"><div class=\"fusion-portfolio-content-wrapper\" style=\"border:1px solid #ebeaea;border-bottom-width:3px;background-color:rgba(255,255,255,0);\"><span class=\"vcard rich-snippet-hidden\"><span class=\"fn\"><a href=\"https:\/\/e-form.eu\/en\/author\/daniel\/\" title=\"Posts by daniel\" rel=\"author\">daniel<\/a><\/span><\/span><span class=\"updated rich-snippet-hidden\">2018-07-28T17:42:14+02:00<\/span><div  class=\"fusion-image-wrapper\" aria-haspopup=\"true\">\n\t\t\t\t<img decoding=\"async\" width=\"800\" height=\"600\" src=\"https:\/\/e-form.eu\/wp-content\/uploads\/2014\/11\/Formkasten-5_small.jpg\" class=\"attachment-full size-full wp-post-image\" alt=\"\" \/><div class=\"fusion-rollover\">\n\t<div class=\"fusion-rollover-content\">\n\n\t\t\t\t\t\t\t\t\t\t\t\t\t\t<a class=\"fusion-rollover-link\" href=\"https:\/\/e-form.eu\/en\/portfolio-items\/flasks\/\">Flasks<\/a>\n\t\t\t\n\t\t\t\t\t\t\t\t\t\t\t\t\t\t\n\t\t\t\t\t\t\t\t\n\t\t\t\t\t\t\t\t\t\t\t\t\t<div class=\"fusion-rollover-sep\"><\/div>\n\t\t\t\t\n\t\t\t\t\t\t\t\t\t\t\t\t\t\t\t\t\t\t<a class=\"fusion-rollover-gallery\" href=\"https:\/\/e-form.eu\/wp-content\/uploads\/2014\/11\/Formkasten-5_small.jpg\" data-options=\"\" data-id=\"12334\" data-rel=\"iLightbox[gallery-rw-1]\" data-title=\"Formk\u00e4sten\" data-caption=\"\">\n\t\t\t\t\t\tGallery\t\t\t\t\t<\/a>\n\t\t\t\t\t\t\t\t\t\t\t\t\t\t\n\t\t\n\t\t\t\t\t\t\t\t\t\t\t\t<h4 class=\"fusion-rollover-title\">\n\t\t\t\t\t<a class=\"fusion-rollover-title-link\" href=\"https:\/\/e-form.eu\/en\/portfolio-items\/flasks\/\">\n\t\t\t\t\t\tFlasks\t\t\t\t\t<\/a>\n\t\t\t\t<\/h4>\n\t\t\t\n\t\t\t\t\t\t\t\t\t\t\t\t\t\t\t\n\t\t\n\t\t\t\t\t\t<a class=\"fusion-link-wrapper\" href=\"https:\/\/e-form.eu\/en\/portfolio-items\/flasks\/\" aria-label=\"Flasks\"><\/a>\n\t<\/div>\n<\/div>\n<\/div>\n<div class=\"fusion-portfolio-content\" style=\"background-color:rgba(255,255,255,0);\"><h2 class=\"entry-title fusion-post-title\"><a href=\"https:\/\/e-form.eu\/en\/portfolio-items\/flasks\/\">Flasks<\/a><\/h2><div class=\"fusion-content-sep sep-none\" style=\"border-color:#e0dede;\"><\/div><div class=\"fusion-post-content\"><p style=\"text-align: justify;\">As a foundry object, the flask forms the solid frame for the casting mould. It makes it possible to disassemble, move and reassemble them without damage. It also provides sufficient resistance to the pressure of the liquid metal during casting.<\/p>\n<\/div><\/div><\/div><\/article><article id=\"portfolio-1-post-12340\" class=\"fusion-portfolio-post fusion-col-spacing post-12340\"><div class=\"fusion-portfolio-content-wrapper\" style=\"border:1px solid #ebeaea;border-bottom-width:3px;background-color:rgba(255,255,255,0);\"><span class=\"vcard rich-snippet-hidden\"><span class=\"fn\"><a href=\"https:\/\/e-form.eu\/en\/author\/daniel\/\" title=\"Posts by daniel\" rel=\"author\">daniel<\/a><\/span><\/span><span class=\"updated rich-snippet-hidden\">2018-07-25T00:26:59+02:00<\/span><div  class=\"fusion-image-wrapper\" aria-haspopup=\"true\">\n\t\t\t\t<img decoding=\"async\" width=\"800\" height=\"600\" src=\"https:\/\/e-form.eu\/wp-content\/uploads\/2014\/11\/Standbahnwagen_small.jpg\" class=\"attachment-full size-full wp-post-image\" alt=\"\" \/><div class=\"fusion-rollover\">\n\t<div class=\"fusion-rollover-content\">\n\n\t\t\t\t\t\t\t\t\t\t\t\t\t\t<a class=\"fusion-rollover-link\" href=\"https:\/\/e-form.eu\/en\/portfolio-items\/cooling-car\/\">Cooling car<\/a>\n\t\t\t\n\t\t\t\t\t\t\t\t\t\t\t\t\t\t\n\t\t\t\t\t\t\t\t\n\t\t\t\t\t\t\t\t\t\t\t\t\t<div class=\"fusion-rollover-sep\"><\/div>\n\t\t\t\t\n\t\t\t\t\t\t\t\t\t\t\t\t\t\t\t\t\t\t<a class=\"fusion-rollover-gallery\" href=\"https:\/\/e-form.eu\/wp-content\/uploads\/2014\/11\/Standbahnwagen_small.jpg\" data-options=\"\" data-id=\"12340\" data-rel=\"iLightbox[gallery-rw-1]\" data-title=\"Sandbahnwagen der Ennepetaler Formk\u00e4sten E-Form B\u00fchren GmbH\" data-caption=\"\">\n\t\t\t\t\t\tGallery\t\t\t\t\t<\/a>\n\t\t\t\t\t\t\t\t\t\t\t\t\t\t\n\t\t\n\t\t\t\t\t\t\t\t\t\t\t\t<h4 class=\"fusion-rollover-title\">\n\t\t\t\t\t<a class=\"fusion-rollover-title-link\" href=\"https:\/\/e-form.eu\/en\/portfolio-items\/cooling-car\/\">\n\t\t\t\t\t\tCooling car\t\t\t\t\t<\/a>\n\t\t\t\t<\/h4>\n\t\t\t\n\t\t\t\t\t\t\t\t\t\t\t\t\t\t\t\n\t\t\n\t\t\t\t\t\t<a class=\"fusion-link-wrapper\" href=\"https:\/\/e-form.eu\/en\/portfolio-items\/cooling-car\/\" aria-label=\"Cooling car\"><\/a>\n\t<\/div>\n<\/div>\n<\/div>\n<div class=\"fusion-portfolio-content\" style=\"background-color:rgba(255,255,255,0);\"><h2 class=\"entry-title fusion-post-title\"><a href=\"https:\/\/e-form.eu\/en\/portfolio-items\/cooling-car\/\">Cooling car<\/a><\/h2><div class=\"fusion-content-sep sep-none\" style=\"border-color:#e0dede;\"><\/div><div class=\"fusion-post-content\"><p>After the flasks have been turned back and closed, the flasks are usually transported horizontally through the casting and cooling lines on stationary cooling cars.          <\/p>\n<\/div><\/div><\/div><\/article><article id=\"portfolio-1-post-12347\" class=\"fusion-portfolio-post fusion-col-spacing post-12347\"><div class=\"fusion-portfolio-content-wrapper\" style=\"border:1px solid #ebeaea;border-bottom-width:3px;background-color:rgba(255,255,255,0);\"><span class=\"vcard rich-snippet-hidden\"><span class=\"fn\"><a href=\"https:\/\/e-form.eu\/en\/author\/daniel\/\" title=\"Posts by daniel\" rel=\"author\">daniel<\/a><\/span><\/span><span class=\"updated rich-snippet-hidden\">2018-07-24T18:48:36+02:00<\/span><div  class=\"fusion-image-wrapper\" aria-haspopup=\"true\">\n\t\t\t\t<img decoding=\"async\" width=\"800\" height=\"600\" src=\"https:\/\/e-form.eu\/wp-content\/uploads\/2014\/11\/Gro\u00dfteilbearbeitung-1_small.jpg\" class=\"attachment-full size-full wp-post-image\" alt=\"\" \/><div class=\"fusion-rollover\">\n\t<div class=\"fusion-rollover-content\">\n\n\t\t\t\t\t\t\t\t\t\t\t\t\t\t<a class=\"fusion-rollover-link\" href=\"https:\/\/e-form.eu\/en\/portfolio-items\/processing-of-large-workpieces\/\">Processing of large workpieces<\/a>\n\t\t\t\n\t\t\t\t\t\t\t\t\t\t\t\t\t\t\n\t\t\t\t\t\t\t\t\n\t\t\t\t\t\t\t\t\t\t\t\t\t<div class=\"fusion-rollover-sep\"><\/div>\n\t\t\t\t\n\t\t\t\t\t\t\t\t\t\t\t\t\t\t\t\t\t\t<a class=\"fusion-rollover-gallery\" href=\"https:\/\/e-form.eu\/wp-content\/uploads\/2014\/11\/Gro\u00dfteilbearbeitung-1_small.jpg\" data-options=\"\" data-id=\"12347\" data-rel=\"iLightbox[gallery-rw-1]\" data-title=\"Gro\u00dfteilbearbeitung der Ennepetaler Formk\u00e4sten E-Form B\u00fchren GmbH\" data-caption=\"\">\n\t\t\t\t\t\tGallery\t\t\t\t\t<\/a>\n\t\t\t\t\t\t\t\t\t\t\t\t\t\t\n\t\t\n\t\t\t\t\t\t\t\t\t\t\t\t<h4 class=\"fusion-rollover-title\">\n\t\t\t\t\t<a class=\"fusion-rollover-title-link\" href=\"https:\/\/e-form.eu\/en\/portfolio-items\/processing-of-large-workpieces\/\">\n\t\t\t\t\t\tProcessing of large workpieces\t\t\t\t\t<\/a>\n\t\t\t\t<\/h4>\n\t\t\t\n\t\t\t\t\t\t\t\t\t\t\t\t\t\t\t\n\t\t\n\t\t\t\t\t\t<a class=\"fusion-link-wrapper\" href=\"https:\/\/e-form.eu\/en\/portfolio-items\/processing-of-large-workpieces\/\" aria-label=\"Processing of large workpieces\"><\/a>\n\t<\/div>\n<\/div>\n<\/div>\n<div class=\"fusion-portfolio-content\" style=\"background-color:rgba(255,255,255,0);\"><h2 class=\"entry-title fusion-post-title\"><a href=\"https:\/\/e-form.eu\/en\/portfolio-items\/processing-of-large-workpieces\/\">Processing of large workpieces<\/a><\/h2><div class=\"fusion-content-sep sep-none\" style=\"border-color:#e0dede;\"><\/div><div class=\"fusion-post-content\"><p style=\"text-align: justify;\">With the aid of ultra-modern CNC boring machines, we achieve the highest precision in the shortest possible time in a maximum of two clamping operations. Even with large and complicated workpieces up to 6000mm x 3000mm we achieve the best results.<\/p>\n<\/div><\/div><\/div><\/article><article id=\"portfolio-1-post-12354\" class=\"fusion-portfolio-post fusion-col-spacing post-12354\"><div class=\"fusion-portfolio-content-wrapper\" style=\"border:1px solid #ebeaea;border-bottom-width:3px;background-color:rgba(255,255,255,0);\"><span class=\"vcard rich-snippet-hidden\"><span class=\"fn\"><a href=\"https:\/\/e-form.eu\/en\/author\/daniel\/\" title=\"Posts by daniel\" rel=\"author\">daniel<\/a><\/span><\/span><span class=\"updated rich-snippet-hidden\">2018-07-24T18:54:40+02:00<\/span><div  class=\"fusion-image-wrapper\" aria-haspopup=\"true\">\n\t\t\t\t<img decoding=\"async\" width=\"800\" height=\"600\" src=\"https:\/\/e-form.eu\/wp-content\/uploads\/2014\/11\/Gie\u00dfereibedarf_small.jpg\" class=\"attachment-full size-full wp-post-image\" alt=\"\" \/><div class=\"fusion-rollover\">\n\t<div class=\"fusion-rollover-content\">\n\n\t\t\t\t\t\t\t\t\t\t\t\t\t\t<a class=\"fusion-rollover-link\" href=\"https:\/\/e-form.eu\/en\/portfolio-items\/foundries-supplies\/\">Foundries supplies<\/a>\n\t\t\t\n\t\t\t\t\t\t\t\t\t\t\t\t\t\t\n\t\t\t\t\t\t\t\t\n\t\t\t\t\t\t\t\t\t\t\t\t\t<div class=\"fusion-rollover-sep\"><\/div>\n\t\t\t\t\n\t\t\t\t\t\t\t\t\t\t\t\t\t\t\t\t\t\t<a class=\"fusion-rollover-gallery\" href=\"https:\/\/e-form.eu\/wp-content\/uploads\/2014\/11\/Gie\u00dfereibedarf_small.jpg\" data-options=\"\" data-id=\"12354\" data-rel=\"iLightbox[gallery-rw-1]\" data-title=\"Gie\u00dfereibedarf der Ennepetaler Formk\u00e4sten E-Form B\u00fchren GmbH\" data-caption=\"\">\n\t\t\t\t\t\tGallery\t\t\t\t\t<\/a>\n\t\t\t\t\t\t\t\t\t\t\t\t\t\t\n\t\t\n\t\t\t\t\t\t\t\t\t\t\t\t<h4 class=\"fusion-rollover-title\">\n\t\t\t\t\t<a class=\"fusion-rollover-title-link\" href=\"https:\/\/e-form.eu\/en\/portfolio-items\/foundries-supplies\/\">\n\t\t\t\t\t\tFoundries supplies\t\t\t\t\t<\/a>\n\t\t\t\t<\/h4>\n\t\t\t\n\t\t\t\t\t\t\t\t\t\t\t\t\t\t\t\n\t\t\n\t\t\t\t\t\t<a class=\"fusion-link-wrapper\" href=\"https:\/\/e-form.eu\/en\/portfolio-items\/foundries-supplies\/\" aria-label=\"Foundries supplies\"><\/a>\n\t<\/div>\n<\/div>\n<\/div>\n<div class=\"fusion-portfolio-content\" style=\"background-color:rgba(255,255,255,0);\"><h2 class=\"entry-title fusion-post-title\"><a href=\"https:\/\/e-form.eu\/en\/portfolio-items\/foundries-supplies\/\">Foundries supplies<\/a><\/h2><div class=\"fusion-content-sep sep-none\" style=\"border-color:#e0dede;\"><\/div><div class=\"fusion-post-content\"><p style=\"text-align: justify;\">We also offer other foundry accessories such as guide elements in all variants.<\/p>\n<\/div><\/div><\/div><\/article><\/div><\/div><\/div><\/div><div class=\"fusion-clearfix\"><\/div><\/div><\/div><\/div><\/div><\/p>\n","protected":false},"excerpt":{"rendered":"","protected":false},"author":1,"featured_media":0,"parent":0,"menu_order":0,"comment_status":"closed","ping_status":"closed","template":"","meta":{"_acf_changed":false,"footnotes":""},"class_list":["post-12321","page","type-page","status-publish","hentry"],"acf":[],"_links":{"self":[{"href":"https:\/\/e-form.eu\/en\/wp-json\/wp\/v2\/pages\/12321","targetHints":{"allow":["GET"]}}],"collection":[{"href":"https:\/\/e-form.eu\/en\/wp-json\/wp\/v2\/pages"}],"about":[{"href":"https:\/\/e-form.eu\/en\/wp-json\/wp\/v2\/types\/page"}],"author":[{"embeddable":true,"href":"https:\/\/e-form.eu\/en\/wp-json\/wp\/v2\/users\/1"}],"replies":[{"embeddable":true,"href":"https:\/\/e-form.eu\/en\/wp-json\/wp\/v2\/comments?post=12321"}],"version-history":[{"count":4,"href":"https:\/\/e-form.eu\/en\/wp-json\/wp\/v2\/pages\/12321\/revisions"}],"predecessor-version":[{"id":12379,"href":"https:\/\/e-form.eu\/en\/wp-json\/wp\/v2\/pages\/12321\/revisions\/12379"}],"wp:attachment":[{"href":"https:\/\/e-form.eu\/en\/wp-json\/wp\/v2\/media?parent=12321"}],"curies":[{"name":"wp","href":"https:\/\/api.w.org\/{rel}","templated":true}]}}